{"id":658,"date":"2016-06-09T11:59:51","date_gmt":"2016-06-09T09:59:51","guid":{"rendered":"https:\/\/royalastridaalst.be\/hotel\/"},"modified":"2018-07-15T14:03:22","modified_gmt":"2018-07-15T12:03:22","slug":"hotel","status":"publish","type":"page","link":"https:\/\/royalastridaalst.be\/fr\/hotel\/","title":{"rendered":"Hotel"},"content":{"rendered":"<section class='bg-section infobar'><div class='bg infobar' style='background-color: #9B8652;'><\/div><span style='color: white;'>\n<div class=\"row\">\n<div class=\"col-md-4\">\n<div class='imginfo'><img src='\/wp-content\/uploads\/2017\/12\/noun_1213708.png'\/><\/div><div class='textinfo'><p class='title'>Repas et boissons<\/p><p>Bar, buffet petit-d\u00e9jeuner ou petit-d\u00e9jeuner continental<\/p><\/div> \n<\/div>\n<div class=\"col-md-4\">\n<div class='imginfo'><img src='\/wp-content\/uploads\/2017\/12\/noun_676654.png'\/><\/div><div class='textinfo'><p class='title'>Internet<\/p><p>Le Wi-Fi est disponible gratuitement partout dans l\u2019h\u00f4tel<\/p><\/div> \n<\/div>\n<div class=\"col-md-4\">\n<div class='imginfo'><img src='\/wp-content\/uploads\/2017\/12\/price.png'\/><\/div><div class='textinfo'><p class='title'>Meilleur prix<\/p><p>R\u00e9servez directement aupr\u00e8s de l\u2019h\u00f4tel et obtenez le meilleur prix<\/p><\/div> \n<\/div>\n<\/div>\n<\/span><\/section>\n<h1 style=\"text-align: center;\"><span style=\"color: #9b8652;\">Bienvenue dans<\/span> le luxueux h\u00f4tel 3 \u00e9toiles\u00a0<span style=\"color: #9b8652;\">Royal Astrid en plein c\u0153ur d\u2019Alost.<\/span><span style=\"color: #9b8652;\"><\/p>\n<p><\/span><\/h1>\n<div class=\"row\">\n<div class=\"col-md-4\">\n<img decoding=\"async\" class=\"alignnone wp-image-212 size-full\" src=\"https:\/\/royalastridaalst.be\/wp-content\/uploads\/2017\/12\/HOME-3-sterren-hotel-foto1.jpg\" alt=\"\" width=\"597\" height=\"447\" srcset=\"https:\/\/royalastridaalst.be\/wp-content\/uploads\/2017\/12\/HOME-3-sterren-hotel-foto1.jpg 597w, https:\/\/royalastridaalst.be\/wp-content\/uploads\/2017\/12\/HOME-3-sterren-hotel-foto1-300x225.jpg 300w, https:\/\/royalastridaalst.be\/wp-content\/uploads\/2017\/12\/HOME-3-sterren-hotel-foto1-361x270.jpg 361w\" sizes=\"(max-width: 597px) 100vw, 597px\" \/><br \/>\n<\/div>\n<div class=\"col-md-4\">\n<img decoding=\"async\" class=\"alignnone wp-image-228 size-full\" src=\"https:\/\/royalastridaalst.be\/wp-content\/uploads\/2017\/12\/restaurant3.jpg\" alt=\"\" width=\"597\" height=\"447\" srcset=\"https:\/\/royalastridaalst.be\/wp-content\/uploads\/2017\/12\/restaurant3.jpg 597w, https:\/\/royalastridaalst.be\/wp-content\/uploads\/2017\/12\/restaurant3-300x225.jpg 300w, https:\/\/royalastridaalst.be\/wp-content\/uploads\/2017\/12\/restaurant3-361x270.jpg 361w\" sizes=\"(max-width: 597px) 100vw, 597px\" \/><br \/>\n<\/div>\n<div class=\"col-md-4\">\n<img decoding=\"async\" class=\"alignnone wp-image-200 size-full\" src=\"https:\/\/royalastridaalst.be\/wp-content\/uploads\/2017\/12\/bar2.jpg\" alt=\"\" width=\"597\" height=\"447\" srcset=\"https:\/\/royalastridaalst.be\/wp-content\/uploads\/2017\/12\/bar2.jpg 597w, https:\/\/royalastridaalst.be\/wp-content\/uploads\/2017\/12\/bar2-300x225.jpg 300w, https:\/\/royalastridaalst.be\/wp-content\/uploads\/2017\/12\/bar2-361x270.jpg 361w\" sizes=\"(max-width: 597px) 100vw, 597px\" \/><br \/>\n<\/div>\n<\/div>\n<hr \/>\n<p>&nbsp;<\/p>\n<div class=\"row\">\n<div class=\"col-md-6\">\n<h2>Profitez du luxe dans l\u2019ambiance conviviale de l\u2019h\u00f4tel et\u00a0<span style=\"color: #9b8652;\">salle de r\u00e9ception Royal<br \/>\nAstrid \u00e0 Alost. <\/span><\/h2>\n<p>L\u2019h\u00f4tel et salle de r\u00e9ception Royal Astrid est un h\u00f4tel trois \u00e9toiles situ\u00e9 dans une ancienne maison de ma\u00eetre qui vient d\u2019\u00eatre enti\u00e8rement r\u00e9nov\u00e9, sur l\u2019un des plus anciens et des plus beaux boulevards d\u2019Alost. Cet h\u00f4tel de charme raffin\u00e9 poss\u00e8de un rayonnement particulier gr\u00e2ce \u00e0 sa fa\u00e7ade authentique. Vous y b\u00e9n\u00e9ficiez d\u2019un service de qualit\u00e9 et personnalis\u00e9. Votre s\u00e9jour ne se limitera pas \u00e0 une nuit\u00e9e et un petit-d\u00e9jeuner \u00e0 Alost, ce sera une v\u00e9ritable exp\u00e9rience !<\/p>\n<p class=\"p1\"><\/div>\n<p class=\"p1\"><div class=\"col-md-6\">\n<p><img decoding=\"async\" class=\"alignnone wp-image-220 size-full\" src=\"https:\/\/royalastridaalst.be\/wp-content\/uploads\/2017\/12\/lounge1.jpg\" alt=\"\" width=\"597\" height=\"447\" srcset=\"https:\/\/royalastridaalst.be\/wp-content\/uploads\/2017\/12\/lounge1.jpg 597w, https:\/\/royalastridaalst.be\/wp-content\/uploads\/2017\/12\/lounge1-300x225.jpg 300w, https:\/\/royalastridaalst.be\/wp-content\/uploads\/2017\/12\/lounge1-361x270.jpg 361w\" sizes=\"(max-width: 597px) 100vw, 597px\" \/><\/p>\n<\/div>\n<\/div>\n<hr \/>\n<p>&nbsp;<\/p>\n<div class=\"row\">\n<div class=\"col-md-6\">\n<p><img decoding=\"async\" class=\"alignnone wp-image-1283 size-full\" src=\"https:\/\/royalastridaalst.be\/wp-content\/uploads\/2018\/07\/Royal-Astrid-Aalst-omgeving.jpg\" alt=\"Royal Astrid Aalst omgeving\" width=\"856\" height=\"573\" srcset=\"https:\/\/royalastridaalst.be\/wp-content\/uploads\/2018\/07\/Royal-Astrid-Aalst-omgeving.jpg 856w, https:\/\/royalastridaalst.be\/wp-content\/uploads\/2018\/07\/Royal-Astrid-Aalst-omgeving-300x201.jpg 300w, https:\/\/royalastridaalst.be\/wp-content\/uploads\/2018\/07\/Royal-Astrid-Aalst-omgeving-768x514.jpg 768w, https:\/\/royalastridaalst.be\/wp-content\/uploads\/2018\/07\/Royal-Astrid-Aalst-omgeving-403x270.jpg 403w\" sizes=\"(max-width: 856px) 100vw, 856px\" \/><\/p>\n<\/div>\n<div class=\"col-md-6\">\n<h2>Bonne accessibilit\u00e9\u00a0<span style=\"color: #9b8652;\">en plein centre d\u2019Alost<\/span><\/h2>\n<p>L\u2019h\u00f4tel et salle de r\u00e9ception Royal Astrid est situ\u00e9 dans le centre d\u2019Alost, une situation id\u00e9ale entre Gand et Bruxelles. Il est tr\u00e8s facilement accessible en transports en commun et plusieurs parkings sont situ\u00e9s \u00e0 proximit\u00e9. Vous pr\u00e9f\u00e9rez prendre le taxi ? Nous ferons en sorte que celui-ci vous attende bien \u00e0 l\u2019heure devant notre porte.<\/p>\n<a href=\"\/fr\/hotel\/contact\" class=\"btn btn-reserveer btn-lg\"> Contactez-nous <\/a>\u00a0 \u00a0<\/p>\n<p>&nbsp;<\/p>\n<\/div>\n<\/div>\n<hr \/>\n<div class=\"row\">\n<div class=\"col-md-6\">\n<h2>\u00a0<\/h2>\n<h2><strong>D\u00e9couvrez nos\u00a0<span style=\"color: #9b8652;\">chambres et \u00e9quipements r\u00e9nov\u00e9s<\/span><\/strong><\/h2>\n<p>&nbsp;<\/p>\n<a href=\"\/fr\/hotel\/kamers-en-faciliteiten\" class=\"btn btn-reserveer btn-lg\"> Chambres et \u00e9quipements <\/a>\u00a0 \u00a0<\/p>\n<p>&nbsp;<\/p>\n<p class=\"p1\"><\/div>\n<p class=\"p1\"><div class=\"col-md-6\">\n<p><img decoding=\"async\" class=\"alignnone wp-image-216 size-full\" src=\"https:\/\/royalastridaalst.be\/wp-content\/uploads\/2017\/12\/Kamer2.jpg\" alt=\"\" width=\"597\" height=\"447\" srcset=\"https:\/\/royalastridaalst.be\/wp-content\/uploads\/2017\/12\/Kamer2.jpg 597w, https:\/\/royalastridaalst.be\/wp-content\/uploads\/2017\/12\/Kamer2-300x225.jpg 300w, https:\/\/royalastridaalst.be\/wp-content\/uploads\/2017\/12\/Kamer2-361x270.jpg 361w\" sizes=\"(max-width: 597px) 100vw, 597px\" \/><\/p>\n<\/div>\n<\/div>\n<hr \/>\n\n\t\t<div class=\"slider\" col=\"1\">\n\t\t\t<div class=\"slide-container\">\n\t\t\t\t<div class=\"arrow left\">\n\t\t\t\t\t<i class=\"fa fa-caret-left\"><\/i>\n\t\t\t\t<\/div>\n\t\t\t\t<div class=\"arrow right\">\n\t\t\t\t\t<i class=\"fa fa-caret-right\"><\/i>\n\t\t\t\t<\/div>\n\t\t\t\t<div class=\"slide-slider\">\n                    \t\t\t\t\t\t\t<div class=\"slide\">\n\t\t\t\t\t\t\t\t<a href=\"https:\/\/royalastridaalst.be\/fr\/testimonials\/philippe-francq\/\">\n\t\t\t\t\t\t\t\t\t<div class=\"img\" style=\"background-image: url(\/wp-content\/themes\/searchuser\/assets\/images\/Testemonials.png);\"><\/div>\n\t\t\t\t\t\t\t\t<\/a>\n\t\t\t\t\t\t\t\t<div class=\"entry-content\">\n                                    <p>Superbe h\u00f4tel. Salle avec des lambris en bois d\u00e9coration styl\u00e9e, demeure du 18\u00e8me si\u00e8cle tr\u00e8s bien remise \u00e0 jour, entr\u00e9e avec porte coch\u00e8re. Service impecable et personnalis\u00e9: on vous sert le caf\u00e9 \u00e0 table. Chambre spacieuse et \u00e9pur\u00e9e. Bref h\u00f4tel \u00e0 recommander. Bravo.<\/p>\n\t\t\t\t\t\t\t\t<\/div>\n\t\t\t\t\t\t\t\t<div class=\"entry-footer\">\n\t\t\t\t\t\t\t\t\t<div><h3>- Philippe Francq<\/h3><\/div>\n\t\t\t\t\t\t\t\t\t<!-- <div>\n                                <strong> <\/strong>\n                            <\/div>-->\n\t\t\t\t\t\t\t\t<\/div>\n\t\t\t\t\t\t\t<\/div>\n                            \t\t\t\t<\/div>\n\t\t\t\t<div class=\"pagination-container\">\n                    \t\t\t\t\t\t\t<div class=\"page-dot current\" page=\"0\"><\/div>\n                            \t\t\t\t<\/div>\n\t\t\t<\/div>\n\t\t<\/div>\n        \n<p>&nbsp;<\/p>\n<section class='bg-section'><div class='bg' style='background-image: url(\/wp-content\/uploads\/2018\/07\/Omgeving-Royal-Astrid-Aalst-1.jpg);'><\/div><span style='color: white;'>\n<div class=\"row\">\n<div class=\"col-md-6\">\n<div class='darkblock'>\n<p>Saviez-vous qu\u2019Alost regorgeait d\u2019activit\u00e9s en tout genre ? Vous pouvez y faire du v\u00e9lo ou vous promener en pleine nature, admirer les b\u00e2timents historiques de la Grand-Place, faire du shopping dans les nombreuses boutiques de la ville et profiter de l\u2019offre abondante d\u2019\u00e9tablissements horeca. Vous pouvez faire tout cela en empruntant les transports en commun, mais que pensez-vous de prendre le bateau ? Diff\u00e9rentes options s\u2019offrent \u00e0 vous pour apprendre \u00e0 mieux conna\u00eetre Alost pendant votre s\u00e9jour ! Nous vous d\u00e9voilerons volontiers nos meilleures adresses<\/p>\n<\/div>\n<\/div>\n<div class=\"col-md-6\">\n<p>&nbsp;<\/p>\n<p>&nbsp;<\/p>\n<\/div>\n<\/div>\n<\/span><\/section>\n","protected":false},"excerpt":{"rendered":"<p>Bienvenue dans le luxueux h\u00f4tel 3 \u00e9toiles\u00a0Royal Astrid en plein c\u0153ur d\u2019Alost. &nbsp; &nbsp; &nbsp;<\/p>\n","protected":false},"author":1,"featured_media":0,"parent":0,"menu_order":0,"comment_status":"closed","ping_status":"closed","template":"","meta":{"footnotes":""},"class_list":["post-658","page","type-page","status-publish","hentry"],"yoast_head":"<!-- This site is optimized with the Yoast SEO plugin v26.7 - https:\/\/yoast.com\/wordpress\/plugins\/seo\/ -->\n<title>Profitez du luxe convivial de l\u2019h\u00f4tel et salle de r\u00e9ception Royal Astrid \u00e0 Alost.<\/title>\n<meta name=\"description\" content=\"Cet h\u00f4tel de charme raffin\u00e9 vous offre un service de qualit\u00e9 et personnalis\u00e9. Votre s\u00e9jour ne se limitera pas \u00e0 une nuit\u00e9e et un petit-d\u00e9jeuner \u00e0 Alost, ce sera une v\u00e9ritable exp\u00e9rience !\" \/>\n<meta name=\"robots\" content=\"index, follow, max-snippet:-1, max-image-preview:large, max-video-preview:-1\" \/>\n<link rel=\"canonical\" href=\"https:\/\/royalastridaalst.be\/fr\/hotel\/\" \/>\n<meta property=\"og:locale\" content=\"fr_FR\" \/>\n<meta property=\"og:type\" content=\"article\" \/>\n<meta property=\"og:title\" content=\"Profitez du luxe convivial de l\u2019h\u00f4tel et salle de r\u00e9ception Royal Astrid \u00e0 Alost.\" \/>\n<meta property=\"og:description\" content=\"Cet h\u00f4tel de charme raffin\u00e9 vous offre un service de qualit\u00e9 et personnalis\u00e9. Votre s\u00e9jour ne se limitera pas \u00e0 une nuit\u00e9e et un petit-d\u00e9jeuner \u00e0 Alost, ce sera une v\u00e9ritable exp\u00e9rience !\" \/>\n<meta property=\"og:url\" content=\"https:\/\/royalastridaalst.be\/fr\/hotel\/\" \/>\n<meta property=\"og:site_name\" content=\"Royal Astrid Aalst\" \/>\n<meta property=\"article:modified_time\" content=\"2018-07-15T12:03:22+00:00\" \/>\n<meta property=\"og:image\" content=\"https:\/\/royalastridaalst.be\/wp-content\/uploads\/2017\/12\/HOME-3-sterren-hotel-foto1.jpg\" \/>\n<meta name=\"twitter:card\" content=\"summary_large_image\" \/>\n<meta name=\"twitter:label1\" content=\"Dur\u00e9e de lecture estim\u00e9e\" \/>\n\t<meta name=\"twitter:data1\" content=\"2 minutes\" \/>\n<script type=\"application\/ld+json\" class=\"yoast-schema-graph\">{\"@context\":\"https:\/\/schema.org\",\"@graph\":[{\"@type\":\"WebPage\",\"@id\":\"https:\/\/royalastridaalst.be\/fr\/hotel\/\",\"url\":\"https:\/\/royalastridaalst.be\/fr\/hotel\/\",\"name\":\"Profitez du luxe convivial de l\u2019h\u00f4tel et salle de r\u00e9ception Royal Astrid \u00e0 Alost.\",\"isPartOf\":{\"@id\":\"https:\/\/royalastridaalst.be\/#website\"},\"primaryImageOfPage\":{\"@id\":\"https:\/\/royalastridaalst.be\/fr\/hotel\/#primaryimage\"},\"image\":{\"@id\":\"https:\/\/royalastridaalst.be\/fr\/hotel\/#primaryimage\"},\"thumbnailUrl\":\"https:\/\/royalastridaalst.be\/wp-content\/uploads\/2017\/12\/HOME-3-sterren-hotel-foto1.jpg\",\"datePublished\":\"2016-06-09T09:59:51+00:00\",\"dateModified\":\"2018-07-15T12:03:22+00:00\",\"description\":\"Cet h\u00f4tel de charme raffin\u00e9 vous offre un service de qualit\u00e9 et personnalis\u00e9. Votre s\u00e9jour ne se limitera pas \u00e0 une nuit\u00e9e et un petit-d\u00e9jeuner \u00e0 Alost, ce sera une v\u00e9ritable exp\u00e9rience !\",\"breadcrumb\":{\"@id\":\"https:\/\/royalastridaalst.be\/fr\/hotel\/#breadcrumb\"},\"inLanguage\":\"fr-FR\",\"potentialAction\":[{\"@type\":\"ReadAction\",\"target\":[\"https:\/\/royalastridaalst.be\/fr\/hotel\/\"]}]},{\"@type\":\"ImageObject\",\"inLanguage\":\"fr-FR\",\"@id\":\"https:\/\/royalastridaalst.be\/fr\/hotel\/#primaryimage\",\"url\":\"https:\/\/royalastridaalst.be\/wp-content\/uploads\/2017\/12\/HOME-3-sterren-hotel-foto1.jpg\",\"contentUrl\":\"https:\/\/royalastridaalst.be\/wp-content\/uploads\/2017\/12\/HOME-3-sterren-hotel-foto1.jpg\"},{\"@type\":\"BreadcrumbList\",\"@id\":\"https:\/\/royalastridaalst.be\/fr\/hotel\/#breadcrumb\",\"itemListElement\":[{\"@type\":\"ListItem\",\"position\":1,\"name\":\"Home\",\"item\":\"https:\/\/royalastridaalst.be\/fr\/\"},{\"@type\":\"ListItem\",\"position\":2,\"name\":\"Hotel\"}]},{\"@type\":\"WebSite\",\"@id\":\"https:\/\/royalastridaalst.be\/#website\",\"url\":\"https:\/\/royalastridaalst.be\/\",\"name\":\"Royal Astrid Aalst\",\"description\":\"Onze WordPress site template\",\"potentialAction\":[{\"@type\":\"SearchAction\",\"target\":{\"@type\":\"EntryPoint\",\"urlTemplate\":\"https:\/\/royalastridaalst.be\/?s={search_term_string}\"},\"query-input\":{\"@type\":\"PropertyValueSpecification\",\"valueRequired\":true,\"valueName\":\"search_term_string\"}}],\"inLanguage\":\"fr-FR\"}]}<\/script>\n<!-- \/ Yoast SEO plugin. -->","yoast_head_json":{"title":"Profitez du luxe convivial de l\u2019h\u00f4tel et salle de r\u00e9ception Royal Astrid \u00e0 Alost.","description":"Cet h\u00f4tel de charme raffin\u00e9 vous offre un service de qualit\u00e9 et personnalis\u00e9. Votre s\u00e9jour ne se limitera pas \u00e0 une nuit\u00e9e et un petit-d\u00e9jeuner \u00e0 Alost, ce sera une v\u00e9ritable exp\u00e9rience !","robots":{"index":"index","follow":"follow","max-snippet":"max-snippet:-1","max-image-preview":"max-image-preview:large","max-video-preview":"max-video-preview:-1"},"canonical":"https:\/\/royalastridaalst.be\/fr\/hotel\/","og_locale":"fr_FR","og_type":"article","og_title":"Profitez du luxe convivial de l\u2019h\u00f4tel et salle de r\u00e9ception Royal Astrid \u00e0 Alost.","og_description":"Cet h\u00f4tel de charme raffin\u00e9 vous offre un service de qualit\u00e9 et personnalis\u00e9. Votre s\u00e9jour ne se limitera pas \u00e0 une nuit\u00e9e et un petit-d\u00e9jeuner \u00e0 Alost, ce sera une v\u00e9ritable exp\u00e9rience !","og_url":"https:\/\/royalastridaalst.be\/fr\/hotel\/","og_site_name":"Royal Astrid Aalst","article_modified_time":"2018-07-15T12:03:22+00:00","og_image":[{"url":"https:\/\/royalastridaalst.be\/wp-content\/uploads\/2017\/12\/HOME-3-sterren-hotel-foto1.jpg","type":"","width":"","height":""}],"twitter_card":"summary_large_image","twitter_misc":{"Dur\u00e9e de lecture estim\u00e9e":"2 minutes"},"schema":{"@context":"https:\/\/schema.org","@graph":[{"@type":"WebPage","@id":"https:\/\/royalastridaalst.be\/fr\/hotel\/","url":"https:\/\/royalastridaalst.be\/fr\/hotel\/","name":"Profitez du luxe convivial de l\u2019h\u00f4tel et salle de r\u00e9ception Royal Astrid \u00e0 Alost.","isPartOf":{"@id":"https:\/\/royalastridaalst.be\/#website"},"primaryImageOfPage":{"@id":"https:\/\/royalastridaalst.be\/fr\/hotel\/#primaryimage"},"image":{"@id":"https:\/\/royalastridaalst.be\/fr\/hotel\/#primaryimage"},"thumbnailUrl":"https:\/\/royalastridaalst.be\/wp-content\/uploads\/2017\/12\/HOME-3-sterren-hotel-foto1.jpg","datePublished":"2016-06-09T09:59:51+00:00","dateModified":"2018-07-15T12:03:22+00:00","description":"Cet h\u00f4tel de charme raffin\u00e9 vous offre un service de qualit\u00e9 et personnalis\u00e9. Votre s\u00e9jour ne se limitera pas \u00e0 une nuit\u00e9e et un petit-d\u00e9jeuner \u00e0 Alost, ce sera une v\u00e9ritable exp\u00e9rience !","breadcrumb":{"@id":"https:\/\/royalastridaalst.be\/fr\/hotel\/#breadcrumb"},"inLanguage":"fr-FR","potentialAction":[{"@type":"ReadAction","target":["https:\/\/royalastridaalst.be\/fr\/hotel\/"]}]},{"@type":"ImageObject","inLanguage":"fr-FR","@id":"https:\/\/royalastridaalst.be\/fr\/hotel\/#primaryimage","url":"https:\/\/royalastridaalst.be\/wp-content\/uploads\/2017\/12\/HOME-3-sterren-hotel-foto1.jpg","contentUrl":"https:\/\/royalastridaalst.be\/wp-content\/uploads\/2017\/12\/HOME-3-sterren-hotel-foto1.jpg"},{"@type":"BreadcrumbList","@id":"https:\/\/royalastridaalst.be\/fr\/hotel\/#breadcrumb","itemListElement":[{"@type":"ListItem","position":1,"name":"Home","item":"https:\/\/royalastridaalst.be\/fr\/"},{"@type":"ListItem","position":2,"name":"Hotel"}]},{"@type":"WebSite","@id":"https:\/\/royalastridaalst.be\/#website","url":"https:\/\/royalastridaalst.be\/","name":"Royal Astrid Aalst","description":"Onze WordPress site template","potentialAction":[{"@type":"SearchAction","target":{"@type":"EntryPoint","urlTemplate":"https:\/\/royalastridaalst.be\/?s={search_term_string}"},"query-input":{"@type":"PropertyValueSpecification","valueRequired":true,"valueName":"search_term_string"}}],"inLanguage":"fr-FR"}]}},"_links":{"self":[{"href":"https:\/\/royalastridaalst.be\/fr\/wp-json\/wp\/v2\/pages\/658","targetHints":{"allow":["GET"]}}],"collection":[{"href":"https:\/\/royalastridaalst.be\/fr\/wp-json\/wp\/v2\/pages"}],"about":[{"href":"https:\/\/royalastridaalst.be\/fr\/wp-json\/wp\/v2\/types\/page"}],"author":[{"embeddable":true,"href":"https:\/\/royalastridaalst.be\/fr\/wp-json\/wp\/v2\/users\/1"}],"replies":[{"embeddable":true,"href":"https:\/\/royalastridaalst.be\/fr\/wp-json\/wp\/v2\/comments?post=658"}],"version-history":[{"count":5,"href":"https:\/\/royalastridaalst.be\/fr\/wp-json\/wp\/v2\/pages\/658\/revisions"}],"predecessor-version":[{"id":1287,"href":"https:\/\/royalastridaalst.be\/fr\/wp-json\/wp\/v2\/pages\/658\/revisions\/1287"}],"wp:attachment":[{"href":"https:\/\/royalastridaalst.be\/fr\/wp-json\/wp\/v2\/media?parent=658"}],"curies":[{"name":"wp","href":"https:\/\/api.w.org\/{rel}","templated":true}]}}