{"id":738,"date":"2017-12-21T09:47:10","date_gmt":"2017-12-21T08:47:10","guid":{"rendered":"https:\/\/royalastridaalst.be\/hotel\/boeken\/"},"modified":"2025-12-18T14:49:18","modified_gmt":"2025-12-18T13:49:18","slug":"boeken","status":"publish","type":"page","link":"https:\/\/royalastridaalst.be\/fr\/hotel\/boeken\/","title":{"rendered":"R\u00e9server"},"content":{"rendered":"<div class=\"row\">\n<div class=\"col-md-6\">\n<h1><strong>La premi\u00e8re \u00e9tape vers une\u00a0<\/strong><span style=\"color: #9b8652;\">nuit unique \u00e0 Alost<\/span><\/h1>\n<p>Vous pouvez r\u00e9server votre s\u00e9jour en ligne ou par e-mail. Si vous voulez r\u00e9server une chambre pour un long s\u00e9jour, n\u2019h\u00e9sitez pas \u00e0 nous contacter pour discuter des possibilit\u00e9s et tarifs. Vous avez une question ou vous rencontrez un probl\u00e8me pendant la r\u00e9servation ? Contactez-nous afin que nous puissions nous occuper de votre r\u00e9servation jusque dans les moindres d\u00e9tails.<\/p>\n<a href=\"https:\/\/booking.roomraccoon.com\/roayl-astrid-aalst\/fr\/\" class=\"btn btn-reserveer btn-lg\"> R\u00e9server <\/a>\n<a href=\"\/fr\/hotel\/contact\" class=\"btn btn-reserveer btn-lg\"> Contactez-nous <\/a>\n<\/div>\n<div class=\"col-md-6\">\n<p><img decoding=\"async\" class=\"alignnone wp-image-1146 size-full\" src=\"https:\/\/royalastridaalst.be\/wp-content\/uploads\/2018\/07\/Gevel-Astrid-Aalst.jpg\" alt=\"Gevel Astrid Aalst\" width=\"597\" height=\"447\" srcset=\"https:\/\/royalastridaalst.be\/wp-content\/uploads\/2018\/07\/Gevel-Astrid-Aalst.jpg 597w, https:\/\/royalastridaalst.be\/wp-content\/uploads\/2018\/07\/Gevel-Astrid-Aalst-300x225.jpg 300w, https:\/\/royalastridaalst.be\/wp-content\/uploads\/2018\/07\/Gevel-Astrid-Aalst-361x270.jpg 361w\" sizes=\"(max-width: 597px) 100vw, 597px\" \/><\/p>\n<\/div>\n<\/div>\n<hr \/>\n<p>&nbsp;<\/p>\n\n\t\t<div class=\"slider\" col=\"1\">\n\t\t\t<div class=\"slide-container\">\n\t\t\t\t<div class=\"arrow left\">\n\t\t\t\t\t<i class=\"fa fa-caret-left\"><\/i>\n\t\t\t\t<\/div>\n\t\t\t\t<div class=\"arrow right\">\n\t\t\t\t\t<i class=\"fa fa-caret-right\"><\/i>\n\t\t\t\t<\/div>\n\t\t\t\t<div class=\"slide-slider\">\n                    \t\t\t\t\t\t\t<div class=\"slide\">\n\t\t\t\t\t\t\t\t<a href=\"https:\/\/royalastridaalst.be\/fr\/testimonials\/philippe-francq\/\">\n\t\t\t\t\t\t\t\t\t<div class=\"img\" style=\"background-image: url(\/wp-content\/themes\/searchuser\/assets\/images\/Testemonials.png);\"><\/div>\n\t\t\t\t\t\t\t\t<\/a>\n\t\t\t\t\t\t\t\t<div class=\"entry-content\">\n                                    <p>Superbe h\u00f4tel. Salle avec des lambris en bois d\u00e9coration styl\u00e9e, demeure du 18\u00e8me si\u00e8cle tr\u00e8s bien remise \u00e0 jour, entr\u00e9e avec porte coch\u00e8re. Service impecable et personnalis\u00e9: on vous sert le caf\u00e9 \u00e0 table. Chambre spacieuse et \u00e9pur\u00e9e. Bref h\u00f4tel \u00e0 recommander. Bravo.<\/p>\n\t\t\t\t\t\t\t\t<\/div>\n\t\t\t\t\t\t\t\t<div class=\"entry-footer\">\n\t\t\t\t\t\t\t\t\t<div><h3>- Philippe Francq<\/h3><\/div>\n\t\t\t\t\t\t\t\t\t<!-- <div>\n                                <strong> <\/strong>\n                            <\/div>-->\n\t\t\t\t\t\t\t\t<\/div>\n\t\t\t\t\t\t\t<\/div>\n                            \t\t\t\t<\/div>\n\t\t\t\t<div class=\"pagination-container\">\n                    \t\t\t\t\t\t\t<div class=\"page-dot current\" page=\"0\"><\/div>\n                            \t\t\t\t<\/div>\n\t\t\t<\/div>\n\t\t<\/div>\n        \n","protected":false},"excerpt":{"rendered":"<p>&nbsp;<\/p>\n","protected":false},"author":1,"featured_media":0,"parent":658,"menu_order":0,"comment_status":"closed","ping_status":"closed","template":"","meta":{"footnotes":""},"class_list":["post-738","page","type-page","status-publish","hentry"],"yoast_head":"<!-- This site is optimized with the Yoast SEO plugin v26.7 - https:\/\/yoast.com\/wordpress\/plugins\/seo\/ -->\n<title>La premi\u00e8re \u00e9tape vers une nuit unique \u00e0 Alost<\/title>\n<meta name=\"description\" content=\"R\u00e9servez votre s\u00e9jour en ligne ou par e-mail. Vous avez une question ou vous rencontrez un probl\u00e8me pendant la r\u00e9servation ? Contactez-nous, nous nous occuperons de la r\u00e9servation pour vous.\" \/>\n<meta name=\"robots\" content=\"index, follow, max-snippet:-1, max-image-preview:large, max-video-preview:-1\" \/>\n<link rel=\"canonical\" href=\"https:\/\/royalastridaalst.be\/fr\/hotel\/boeken\/\" \/>\n<meta property=\"og:locale\" content=\"fr_FR\" \/>\n<meta property=\"og:type\" content=\"article\" \/>\n<meta property=\"og:title\" content=\"La premi\u00e8re \u00e9tape vers une nuit unique \u00e0 Alost\" \/>\n<meta property=\"og:description\" content=\"R\u00e9servez votre s\u00e9jour en ligne ou par e-mail. Vous avez une question ou vous rencontrez un probl\u00e8me pendant la r\u00e9servation ? Contactez-nous, nous nous occuperons de la r\u00e9servation pour vous.\" \/>\n<meta property=\"og:url\" content=\"https:\/\/royalastridaalst.be\/fr\/hotel\/boeken\/\" \/>\n<meta property=\"og:site_name\" content=\"Royal Astrid Aalst\" \/>\n<meta property=\"article:modified_time\" content=\"2025-12-18T13:49:18+00:00\" \/>\n<meta property=\"og:image\" content=\"https:\/\/royalastridaalst.be\/wp-content\/uploads\/2018\/07\/Gevel-Astrid-Aalst.jpg\" \/>\n\t<meta property=\"og:image:width\" content=\"597\" \/>\n\t<meta property=\"og:image:height\" content=\"447\" \/>\n\t<meta property=\"og:image:type\" content=\"image\/jpeg\" \/>\n<meta name=\"twitter:card\" content=\"summary_large_image\" \/>\n<meta name=\"twitter:label1\" content=\"Dur\u00e9e de lecture estim\u00e9e\" \/>\n\t<meta name=\"twitter:data1\" content=\"1 minute\" \/>\n<script type=\"application\/ld+json\" class=\"yoast-schema-graph\">{\"@context\":\"https:\/\/schema.org\",\"@graph\":[{\"@type\":\"WebPage\",\"@id\":\"https:\/\/royalastridaalst.be\/fr\/hotel\/boeken\/\",\"url\":\"https:\/\/royalastridaalst.be\/fr\/hotel\/boeken\/\",\"name\":\"La premi\u00e8re \u00e9tape vers une nuit unique \u00e0 Alost\",\"isPartOf\":{\"@id\":\"https:\/\/royalastridaalst.be\/#website\"},\"primaryImageOfPage\":{\"@id\":\"https:\/\/royalastridaalst.be\/fr\/hotel\/boeken\/#primaryimage\"},\"image\":{\"@id\":\"https:\/\/royalastridaalst.be\/fr\/hotel\/boeken\/#primaryimage\"},\"thumbnailUrl\":\"https:\/\/royalastridaalst.be\/wp-content\/uploads\/2018\/07\/Gevel-Astrid-Aalst.jpg\",\"datePublished\":\"2017-12-21T08:47:10+00:00\",\"dateModified\":\"2025-12-18T13:49:18+00:00\",\"description\":\"R\u00e9servez votre s\u00e9jour en ligne ou par e-mail. Vous avez une question ou vous rencontrez un probl\u00e8me pendant la r\u00e9servation ? Contactez-nous, nous nous occuperons de la r\u00e9servation pour vous.\",\"breadcrumb\":{\"@id\":\"https:\/\/royalastridaalst.be\/fr\/hotel\/boeken\/#breadcrumb\"},\"inLanguage\":\"fr-FR\",\"potentialAction\":[{\"@type\":\"ReadAction\",\"target\":[\"https:\/\/royalastridaalst.be\/fr\/hotel\/boeken\/\"]}]},{\"@type\":\"ImageObject\",\"inLanguage\":\"fr-FR\",\"@id\":\"https:\/\/royalastridaalst.be\/fr\/hotel\/boeken\/#primaryimage\",\"url\":\"https:\/\/royalastridaalst.be\/wp-content\/uploads\/2018\/07\/Gevel-Astrid-Aalst.jpg\",\"contentUrl\":\"https:\/\/royalastridaalst.be\/wp-content\/uploads\/2018\/07\/Gevel-Astrid-Aalst.jpg\"},{\"@type\":\"BreadcrumbList\",\"@id\":\"https:\/\/royalastridaalst.be\/fr\/hotel\/boeken\/#breadcrumb\",\"itemListElement\":[{\"@type\":\"ListItem\",\"position\":1,\"name\":\"Home\",\"item\":\"https:\/\/royalastridaalst.be\/fr\/\"},{\"@type\":\"ListItem\",\"position\":2,\"name\":\"Hotel\",\"item\":\"https:\/\/royalastridaalst.be\/fr\/hotel\/\"},{\"@type\":\"ListItem\",\"position\":3,\"name\":\"R\u00e9server\"}]},{\"@type\":\"WebSite\",\"@id\":\"https:\/\/royalastridaalst.be\/#website\",\"url\":\"https:\/\/royalastridaalst.be\/\",\"name\":\"Royal Astrid Aalst\",\"description\":\"Onze WordPress site template\",\"potentialAction\":[{\"@type\":\"SearchAction\",\"target\":{\"@type\":\"EntryPoint\",\"urlTemplate\":\"https:\/\/royalastridaalst.be\/?s={search_term_string}\"},\"query-input\":{\"@type\":\"PropertyValueSpecification\",\"valueRequired\":true,\"valueName\":\"search_term_string\"}}],\"inLanguage\":\"fr-FR\"}]}<\/script>\n<!-- \/ Yoast SEO plugin. -->","yoast_head_json":{"title":"La premi\u00e8re \u00e9tape vers une nuit unique \u00e0 Alost","description":"R\u00e9servez votre s\u00e9jour en ligne ou par e-mail. Vous avez une question ou vous rencontrez un probl\u00e8me pendant la r\u00e9servation ? Contactez-nous, nous nous occuperons de la r\u00e9servation pour vous.","robots":{"index":"index","follow":"follow","max-snippet":"max-snippet:-1","max-image-preview":"max-image-preview:large","max-video-preview":"max-video-preview:-1"},"canonical":"https:\/\/royalastridaalst.be\/fr\/hotel\/boeken\/","og_locale":"fr_FR","og_type":"article","og_title":"La premi\u00e8re \u00e9tape vers une nuit unique \u00e0 Alost","og_description":"R\u00e9servez votre s\u00e9jour en ligne ou par e-mail. Vous avez une question ou vous rencontrez un probl\u00e8me pendant la r\u00e9servation ? Contactez-nous, nous nous occuperons de la r\u00e9servation pour vous.","og_url":"https:\/\/royalastridaalst.be\/fr\/hotel\/boeken\/","og_site_name":"Royal Astrid Aalst","article_modified_time":"2025-12-18T13:49:18+00:00","og_image":[{"width":597,"height":447,"url":"https:\/\/royalastridaalst.be\/wp-content\/uploads\/2018\/07\/Gevel-Astrid-Aalst.jpg","type":"image\/jpeg"}],"twitter_card":"summary_large_image","twitter_misc":{"Dur\u00e9e de lecture estim\u00e9e":"1 minute"},"schema":{"@context":"https:\/\/schema.org","@graph":[{"@type":"WebPage","@id":"https:\/\/royalastridaalst.be\/fr\/hotel\/boeken\/","url":"https:\/\/royalastridaalst.be\/fr\/hotel\/boeken\/","name":"La premi\u00e8re \u00e9tape vers une nuit unique \u00e0 Alost","isPartOf":{"@id":"https:\/\/royalastridaalst.be\/#website"},"primaryImageOfPage":{"@id":"https:\/\/royalastridaalst.be\/fr\/hotel\/boeken\/#primaryimage"},"image":{"@id":"https:\/\/royalastridaalst.be\/fr\/hotel\/boeken\/#primaryimage"},"thumbnailUrl":"https:\/\/royalastridaalst.be\/wp-content\/uploads\/2018\/07\/Gevel-Astrid-Aalst.jpg","datePublished":"2017-12-21T08:47:10+00:00","dateModified":"2025-12-18T13:49:18+00:00","description":"R\u00e9servez votre s\u00e9jour en ligne ou par e-mail. Vous avez une question ou vous rencontrez un probl\u00e8me pendant la r\u00e9servation ? Contactez-nous, nous nous occuperons de la r\u00e9servation pour vous.","breadcrumb":{"@id":"https:\/\/royalastridaalst.be\/fr\/hotel\/boeken\/#breadcrumb"},"inLanguage":"fr-FR","potentialAction":[{"@type":"ReadAction","target":["https:\/\/royalastridaalst.be\/fr\/hotel\/boeken\/"]}]},{"@type":"ImageObject","inLanguage":"fr-FR","@id":"https:\/\/royalastridaalst.be\/fr\/hotel\/boeken\/#primaryimage","url":"https:\/\/royalastridaalst.be\/wp-content\/uploads\/2018\/07\/Gevel-Astrid-Aalst.jpg","contentUrl":"https:\/\/royalastridaalst.be\/wp-content\/uploads\/2018\/07\/Gevel-Astrid-Aalst.jpg"},{"@type":"BreadcrumbList","@id":"https:\/\/royalastridaalst.be\/fr\/hotel\/boeken\/#breadcrumb","itemListElement":[{"@type":"ListItem","position":1,"name":"Home","item":"https:\/\/royalastridaalst.be\/fr\/"},{"@type":"ListItem","position":2,"name":"Hotel","item":"https:\/\/royalastridaalst.be\/fr\/hotel\/"},{"@type":"ListItem","position":3,"name":"R\u00e9server"}]},{"@type":"WebSite","@id":"https:\/\/royalastridaalst.be\/#website","url":"https:\/\/royalastridaalst.be\/","name":"Royal Astrid Aalst","description":"Onze WordPress site template","potentialAction":[{"@type":"SearchAction","target":{"@type":"EntryPoint","urlTemplate":"https:\/\/royalastridaalst.be\/?s={search_term_string}"},"query-input":{"@type":"PropertyValueSpecification","valueRequired":true,"valueName":"search_term_string"}}],"inLanguage":"fr-FR"}]}},"_links":{"self":[{"href":"https:\/\/royalastridaalst.be\/fr\/wp-json\/wp\/v2\/pages\/738","targetHints":{"allow":["GET"]}}],"collection":[{"href":"https:\/\/royalastridaalst.be\/fr\/wp-json\/wp\/v2\/pages"}],"about":[{"href":"https:\/\/royalastridaalst.be\/fr\/wp-json\/wp\/v2\/types\/page"}],"author":[{"embeddable":true,"href":"https:\/\/royalastridaalst.be\/fr\/wp-json\/wp\/v2\/users\/1"}],"replies":[{"embeddable":true,"href":"https:\/\/royalastridaalst.be\/fr\/wp-json\/wp\/v2\/comments?post=738"}],"version-history":[{"count":4,"href":"https:\/\/royalastridaalst.be\/fr\/wp-json\/wp\/v2\/pages\/738\/revisions"}],"predecessor-version":[{"id":2617,"href":"https:\/\/royalastridaalst.be\/fr\/wp-json\/wp\/v2\/pages\/738\/revisions\/2617"}],"up":[{"embeddable":true,"href":"https:\/\/royalastridaalst.be\/fr\/wp-json\/wp\/v2\/pages\/658"}],"wp:attachment":[{"href":"https:\/\/royalastridaalst.be\/fr\/wp-json\/wp\/v2\/media?parent=738"}],"curies":[{"name":"wp","href":"https:\/\/api.w.org\/{rel}","templated":true}]}}